{"id":25,"date":"2021-02-26T10:03:42","date_gmt":"2021-02-26T10:03:42","guid":{"rendered":"http:\/\/crama-garbova.martweb.ro\/?page_id=25"},"modified":"2021-03-22T22:15:52","modified_gmt":"2021-03-22T22:15:52","slug":"traditie","status":"publish","type":"page","link":"https:\/\/crama-garbova.ro\/index.php\/traditie\/","title":{"rendered":"TRADITIE"},"content":{"rendered":"<div id=\"pl-25\"  class=\"panel-layout\" ><div id=\"pg-25-0\"  class=\"panel-grid panel-has-style\" ><div class=\"siteorigin-panels-stretch panel-row-style panel-row-style-for-25-0\" style=\"padding: 100px 0; \" data-stretch-type=\"full-stretched\" data-overlay=\"true\" data-overlay-color=\"#000000\" ><div id=\"pgc-25-0-0\"  class=\"panel-grid-cell\" ><div id=\"panel-25-0-0-0\" class=\"so-panel widget widget_siteorigin-panels-builder panel-first-child panel-last-child\" data-index=\"0\" ><div style=\"text-align: left;\" data-title-color=\"#47425d\" data-headings-color=\"#443f3f\" data-title_alignment=\"center\" class=\"panel-widget-style panel-widget-style-for-25-0-0-0\" ><div id=\"pl-w605917184ebab\"  class=\"panel-layout\" ><div id=\"pg-w605917184ebab-0\"  class=\"panel-grid panel-has-style\" ><div style=\"padding: 40px 0; \" data-overlay=\"true\" data-overlay-color=\"#000000\" class=\"panel-row-style panel-row-style-for-w605917184ebab-0\" ><div id=\"pgc-w605917184ebab-0-0\"  class=\"panel-grid-cell\" ><div id=\"panel-w605917184ebab-0-0-0\" class=\"so-panel widget widget_text panel-first-child panel-last-child\" data-index=\"0\" ><div style=\"text-align: center;\" data-title-color=\"#ffffff\" data-headings-color=\"#ffffff\" data-title_alignment=\"center\" class=\"panel-widget-style panel-widget-style-for-w605917184ebab-0-0-0\" >\t\t\t<div class=\"textwidget\"><h3 style=\"font-family: 'Great Vibes', cursive; font-size: 50px; color: white;\">Obiective Turistice<\/h3>\n<\/div>\n\t\t<\/div><\/div><\/div><\/div><\/div><div id=\"pg-w605917184ebab-1\"  class=\"panel-grid panel-has-style\" ><div class=\"siteorigin-panels-stretch panel-row-style panel-row-style-for-w605917184ebab-1\" style=\"padding: 25px 0; \" data-stretch-type=\"full\" data-overlay=\"true\" data-overlay-color=\"#000000\" ><div id=\"pgc-w605917184ebab-1-0\"  class=\"panel-grid-cell\" ><div id=\"panel-w605917184ebab-1-0-0\" class=\"so-panel widget widget_text panel-first-child panel-last-child\" data-index=\"1\" ><div style=\"text-align: center;\" data-title-color=\"#ffffff\" data-headings-color=\"#ffffff\" data-title_alignment=\"center\" class=\"panel-widget-style panel-widget-style-for-w605917184ebab-1-0-0\" >\t\t\t<div class=\"textwidget\"><h3 style=\"font-family: 'Great Vibes', cursive; font-size: 30px;\">Turnul Slaninilor<\/h3>\n<p>Tradi\u021bia depozit\u0103rii sl\u0103ninii \u00eentr-un turn din satul G\u00e2rbova, jude\u021bul Alba, st\u0103p\u00e2nit odinioar\u0103 de sa\u0219i, este p\u0103strat\u0103 de secole. Construc\u021bia a primit numele \u201dTurnul Sl\u0103ninilor\u201d dup\u0103 ce sute de ani a fost locul comun de depozitare a preparatelor tradi\u021bionale de porc, oamenii neav\u00e2nd frigidere.<br \/>\nDupa plecarea Sasiilor in Germania la sfarsitul anilor 80 acest turn a ramas doar un punct Turistic de atractie pentru vizitatori.<\/p>\n<p>&nbsp;<\/p>\n<\/div>\n\t\t<\/div><\/div><\/div><div id=\"pgc-w605917184ebab-1-1\"  class=\"panel-grid-cell\" ><div id=\"panel-w605917184ebab-1-1-0\" class=\"so-panel widget widget_sow-image panel-first-child panel-last-child\" data-index=\"2\" ><div style=\"text-align: left;\" data-title-color=\"#47425d\" data-headings-color=\"#443f3f\" data-title_alignment=\"center\" class=\"panel-widget-style panel-widget-style-for-w605917184ebab-1-1-0\" ><div\n\t\t\t\n\t\t\tclass=\"so-widget-sow-image so-widget-sow-image-default-dbf295114b96\"\n\t\t\t\n\t\t>\n<div class=\"sow-image-container\">\n\t\t<img \n\tsrc=\"https:\/\/crama-garbova.ro\/wp-content\/uploads\/2021\/03\/D2F49E6A-A2F3-4AF4-A427-E838AA2E4855_Turnul-Slaninilor-Garbova13-1000x600-1.jpg\" width=\"1000\" height=\"600\" srcset=\"https:\/\/crama-garbova.ro\/wp-content\/uploads\/2021\/03\/D2F49E6A-A2F3-4AF4-A427-E838AA2E4855_Turnul-Slaninilor-Garbova13-1000x600-1.jpg 1000w, https:\/\/crama-garbova.ro\/wp-content\/uploads\/2021\/03\/D2F49E6A-A2F3-4AF4-A427-E838AA2E4855_Turnul-Slaninilor-Garbova13-1000x600-1-300x180.jpg 300w, https:\/\/crama-garbova.ro\/wp-content\/uploads\/2021\/03\/D2F49E6A-A2F3-4AF4-A427-E838AA2E4855_Turnul-Slaninilor-Garbova13-1000x600-1-600x360.jpg 600w, https:\/\/crama-garbova.ro\/wp-content\/uploads\/2021\/03\/D2F49E6A-A2F3-4AF4-A427-E838AA2E4855_Turnul-Slaninilor-Garbova13-1000x600-1-768x461.jpg 768w, https:\/\/crama-garbova.ro\/wp-content\/uploads\/2021\/03\/D2F49E6A-A2F3-4AF4-A427-E838AA2E4855_Turnul-Slaninilor-Garbova13-1000x600-1-830x498.jpg 830w, https:\/\/crama-garbova.ro\/wp-content\/uploads\/2021\/03\/D2F49E6A-A2F3-4AF4-A427-E838AA2E4855_Turnul-Slaninilor-Garbova13-1000x600-1-230x138.jpg 230w, https:\/\/crama-garbova.ro\/wp-content\/uploads\/2021\/03\/D2F49E6A-A2F3-4AF4-A427-E838AA2E4855_Turnul-Slaninilor-Garbova13-1000x600-1-350x210.jpg 350w, https:\/\/crama-garbova.ro\/wp-content\/uploads\/2021\/03\/D2F49E6A-A2F3-4AF4-A427-E838AA2E4855_Turnul-Slaninilor-Garbova13-1000x600-1-480x288.jpg 480w\" sizes=\"(max-width: 1000px) 100vw, 1000px\" title=\"D2F49E6A-A2F3-4AF4-A427-E838AA2E4855_Turnul-Slaninilor-Garbova13-1000&#215;600\" alt=\"\" \t\tclass=\"so-widget-image\"\/>\n\t<\/div>\n\n<\/div><\/div><\/div><\/div><\/div><\/div><div id=\"pg-w605917184ebab-2\"  class=\"panel-grid panel-has-style\" ><div class=\"siteorigin-panels-stretch panel-row-style panel-row-style-for-w605917184ebab-2\" style=\"padding: 25px 0; \" data-stretch-type=\"full\" data-overlay=\"true\" data-overlay-color=\"#000000\" ><div id=\"pgc-w605917184ebab-2-0\"  class=\"panel-grid-cell\" ><div id=\"panel-w605917184ebab-2-0-0\" class=\"so-panel widget widget_sow-image panel-first-child panel-last-child\" data-index=\"3\" ><div style=\"text-align: left;\" data-title-color=\"#47425d\" data-headings-color=\"#443f3f\" data-title_alignment=\"center\" class=\"panel-widget-style panel-widget-style-for-w605917184ebab-2-0-0\" ><div\n\t\t\t\n\t\t\tclass=\"so-widget-sow-image so-widget-sow-image-default-dbf295114b96\"\n\t\t\t\n\t\t>\n<div class=\"sow-image-container\">\n\t\t<img \n\tsrc=\"https:\/\/crama-garbova.ro\/wp-content\/uploads\/2021\/03\/turnul-slaninilor-garbova-de-sebes-2016.jpg\" width=\"960\" height=\"640\" srcset=\"https:\/\/crama-garbova.ro\/wp-content\/uploads\/2021\/03\/turnul-slaninilor-garbova-de-sebes-2016.jpg 960w, https:\/\/crama-garbova.ro\/wp-content\/uploads\/2021\/03\/turnul-slaninilor-garbova-de-sebes-2016-300x200.jpg 300w, https:\/\/crama-garbova.ro\/wp-content\/uploads\/2021\/03\/turnul-slaninilor-garbova-de-sebes-2016-600x400.jpg 600w, https:\/\/crama-garbova.ro\/wp-content\/uploads\/2021\/03\/turnul-slaninilor-garbova-de-sebes-2016-768x512.jpg 768w, https:\/\/crama-garbova.ro\/wp-content\/uploads\/2021\/03\/turnul-slaninilor-garbova-de-sebes-2016-830x553.jpg 830w, https:\/\/crama-garbova.ro\/wp-content\/uploads\/2021\/03\/turnul-slaninilor-garbova-de-sebes-2016-230x153.jpg 230w, https:\/\/crama-garbova.ro\/wp-content\/uploads\/2021\/03\/turnul-slaninilor-garbova-de-sebes-2016-350x233.jpg 350w, https:\/\/crama-garbova.ro\/wp-content\/uploads\/2021\/03\/turnul-slaninilor-garbova-de-sebes-2016-480x320.jpg 480w, https:\/\/crama-garbova.ro\/wp-content\/uploads\/2021\/03\/turnul-slaninilor-garbova-de-sebes-2016-272x182.jpg 272w\" sizes=\"(max-width: 960px) 100vw, 960px\" alt=\"\" \t\tclass=\"so-widget-image\"\/>\n\t<\/div>\n\n<\/div><\/div><\/div><\/div><div id=\"pgc-w605917184ebab-2-1\"  class=\"panel-grid-cell\" ><div id=\"panel-w605917184ebab-2-1-0\" class=\"so-panel widget widget_text panel-first-child panel-last-child\" data-index=\"4\" ><div style=\"text-align: center;\" data-title-color=\"#ffffff\" data-headings-color=\"#ffffff\" data-title_alignment=\"center\" class=\"panel-widget-style panel-widget-style-for-w605917184ebab-2-1-0\" >\t\t\t<div class=\"textwidget\"><h3 style=\"font-family: 'Great Vibes', cursive; font-size: 30px;\">Cetatea Greavilor<\/h3>\n<p>Asezarea de la Garbova a fost construita de sasii chemati aici de regele Ungariei, Geza I (1141-1161), pentru a apara granitele voievodatului de invaziile popoarelor asiatice. Cetatea din centrul localitatii a fost ridicata de catre greavul sas Herbord de Wrbow, in a doua jumatate a secolului XIII. Resedinta nobiliara era fortificata cu un zid care delimita o incinta circulara si dispunea de un donjon. In secolul XV cetatea este vanduta, devenind proprietatea comunitatii. Donjonul a fost transformat in turn-clopotnita, i s-a adaugat o noua incinta fortificata si a fost construit un turn de poarta cu doua etaje, numit &#8222;turnul slaninilor&#8221;. Aici se pastra o importanta rezerva de hrana pentru ca populatia sa reziste in cazul unui asediu. Forma actuala a turnului-clopotnita suprainaltat, prevazut cu ceas, dateaza de la sfarsitul secolului XIX.<\/p>\n<\/div>\n\t\t<\/div><\/div><\/div><\/div><\/div><\/div><\/div><\/div><\/div><\/div><\/div><\/div>","protected":false},"excerpt":{"rendered":"<p>Obiective Turistice Turnul Slaninilor Tradi\u021bia depozit\u0103rii sl\u0103ninii \u00eentr-un turn din satul G\u00e2rbova, jude\u021bul Alba, st\u0103p\u00e2nit odinioar\u0103 de sa\u0219i, este p\u0103strat\u0103 de secole. Construc\u021bia a primit numele \u201dTurnul Sl\u0103ninilor\u201d dup\u0103 ce sute de ani a fost locul comun de depozitare a preparatelor tradi\u021bionale de porc, oamenii neav\u00e2nd frigidere. Dupa plecarea Sasiilor in Germania la sfarsitul anilor [&hellip;]<\/p>\n","protected":false},"author":1,"featured_media":0,"parent":0,"menu_order":0,"comment_status":"closed","ping_status":"closed","template":"page-templates\/page_front-page.php","meta":{"footnotes":""},"class_list":["post-25","page","type-page","status-publish","hentry"],"_links":{"self":[{"href":"https:\/\/crama-garbova.ro\/index.php\/wp-json\/wp\/v2\/pages\/25","targetHints":{"allow":["GET"]}}],"collection":[{"href":"https:\/\/crama-garbova.ro\/index.php\/wp-json\/wp\/v2\/pages"}],"about":[{"href":"https:\/\/crama-garbova.ro\/index.php\/wp-json\/wp\/v2\/types\/page"}],"author":[{"embeddable":true,"href":"https:\/\/crama-garbova.ro\/index.php\/wp-json\/wp\/v2\/users\/1"}],"replies":[{"embeddable":true,"href":"https:\/\/crama-garbova.ro\/index.php\/wp-json\/wp\/v2\/comments?post=25"}],"version-history":[{"count":47,"href":"https:\/\/crama-garbova.ro\/index.php\/wp-json\/wp\/v2\/pages\/25\/revisions"}],"predecessor-version":[{"id":595,"href":"https:\/\/crama-garbova.ro\/index.php\/wp-json\/wp\/v2\/pages\/25\/revisions\/595"}],"wp:attachment":[{"href":"https:\/\/crama-garbova.ro\/index.php\/wp-json\/wp\/v2\/media?parent=25"}],"curies":[{"name":"wp","href":"https:\/\/api.w.org\/{rel}","templated":true}]}}