{"id":3,"date":"2021-02-26T08:54:41","date_gmt":"2021-02-26T08:54:41","guid":{"rendered":"http:\/\/crama-garbova.martweb.ro\/?page_id=3"},"modified":"2021-03-23T17:02:19","modified_gmt":"2021-03-23T17:02:19","slug":"politica-de-confidentialitate","status":"publish","type":"page","link":"https:\/\/crama-garbova.ro\/index.php\/politica-de-confidentialitate\/","title":{"rendered":"Confidentialitate si Politica Cookies"},"content":{"rendered":"\n<h3 class=\"wp-block-heading\">Politica cookie-urilor<\/h3>\n\n\n\n<p>Ai ajuns pe aceast\u0103 pagin\u0103 deoarece se pare c\u0103 dore\u0219ti s\u0103 afli mai multe detalii cu privire la mesajul despre cookies pe care l-ai observat pe website-ul nostru, iar conform&nbsp;directivei UE 2009\/136\/EC \u2013 Articolul 5(3) suntem obliga\u021bi s\u0103 \u00eel afi\u0219am tuturor vizitatorilor.<\/p>\n\n\n\n<p>Politica cookie-urilor are scopul de a explica ce anume sunt acestea, la ce se folosesc dar \u0219i de a oferi \u00eendrum\u0103ri cu privire la ac\u021biunea de a refuza sau de a sterge cookie-urile generate de acest website, dac\u0103 dori\u021bi acest lucru.<\/p>\n\n\n\n<h3 class=\"wp-block-heading\">Ce sunt cookie-urile?<\/h3>\n\n\n\n<p>Cookie-urile sunt fi\u0219iere de dimensiuni mici \u00een format text care sunt stocate pe computer, tableta sau pe telefonul mobil atunci c\u00e2nd vizita\u021bi un website. Prin generarea acestora website-ul va \u021bine minte vizitele dv. \u0219i modul \u00een care l-a\u021bi folosit de fiecare dat\u0103 c\u00e2nd v\u0103 \u00eentoarce\u021bi aici. Cookie-ul&nbsp;este complet \u201cpasiv\u201d, \u00een sensul c\u0103 nu con\u021bine programe software \u0219i nu poate accesa sub nicio form\u0103 informa\u021biile stocate pe hard dive-ul utilizatorului.<\/p>\n\n\n\n<p>Cookie-urile de pe website-ul vindeciumbrud.ro nu re\u021bin informa\u021bii cu caracter personal, deoarece pentru a vizualiza toate informa\u021biile (text, fotografii sau video) disponibile nu sunte\u021bi obligati s\u0103 v\u0103 conecta\u021bi cu user\/parola \u0219i nici nu sunteti obliga\u021bi s\u0103 ne furniza\u021bi informa\u021bii cu caracter personal.<\/p>\n\n\n\n<h3 class=\"wp-block-heading\">Cookie-uri ale ter\u021belor p\u0103r\u021bi<\/h3>\n\n\n\n<p>Website-ul crama-garbova.ro folose\u0219te cookie-urile ter\u021belor p\u0103r\u021bi (Google Adsense, Google Analytics, Facebook, Google+ etc.) pentru a personaliza con\u021binutul \u0219i anun\u021burile afi\u0219ate, pentru a oferi func\u021bii media sociale \u0219i pentru a analiza traficul generat de website.<\/p>\n\n\n\n<p>Publicitatea pe care o gasi\u021bi pe acest website apar\u021bine ter\u021belor p\u0103r\u021bi. Unele dintre aceste p\u0103r\u021bi folosesc propriile cookie-uri anonime pentru a analiza c\u00e2t de multe persoane au vizionat un mesaj publicitar, sau pentru a vedea c\u00e2te persoane au vizionat de mai multe ori aceea\u0219i reclam\u0103. Companiile care genereaz\u0103 aceste cookie-uri au propriile politici de confiden\u021bialitate, iar website-ul vindeciumbrud.ro nu are acces pentru a citi sau a scrie acele cookie-uri.<\/p>\n\n\n\n<p>De exemplu, c\u00e2nd distribui\u021bi un articol folosind butoanele pentru re\u021belele sociale (facebook, instagram) disponibile pe acest site, acele re\u021bele sociale vor \u00eenregistra de fiecare dat\u0103 activitatea dvs.<\/p>\n\n\n\n<h3 class=\"wp-block-heading\">De ce sunt cookie-urile importante pentru Internet?<\/h3>\n\n\n\n<p>Cookie-urile reprezint\u0103 punctul central al func\u021bionarii eficiente a Internetului, ajut\u00e2nd la asigurarea unei experien\u021be de navigare prietenoase, adaptat\u0103 preferin\u021belor \u0219i intereselor fiecarui utilizator. Refuzarea sau dezactivarea cookie-urilor poate duce la imposibilitatea folisirii anumitor website-uri. Dac\u0103 refuza\u021bi sau dezactiva\u021bi cookie-urile nu \u00eenseamna c\u0103 nu ve\u021bi mai primi publicitate online. Acest lucru va face ca publicitatea care v\u0103 va fi afi\u0219at\u0103 s\u0103 nu mai \u021bin\u0103 cont de preferin\u021bele \u0219i interesele dumneavoastr\u0103, eviden\u021biate prin comportamentul de navigare.<\/p>\n\n\n\n<h3 class=\"wp-block-heading\">Exemple de \u00eentrebuin\u021b\u0103ri ale cookie-urilor:<\/h3>\n\n\n\n<p>\u2022 servicii adaptate preferin\u021belor utilizatorului: \u0219tiri, vreme, sport, h\u0103r\u021bi, servicii publice, servicii guvernamentale, servicii de c\u0103l\u0103torie.<br>\u2022 preferin\u021be de limb\u0103, de exemplu afi\u0219area rezultatelor caut\u0103rilor \u00een limba rom\u00e2na.<br>\u2022 re\u021binerea filtrelor de protec\u021bie a copiilor privind continutul pe Internet (op\u021biuni gen \u201cfamily mode\u201d sau func\u021bii de \u201csafe search\u201d).<br>\u2022 limitarea num\u0103rului de afi\u0219\u0103ri a unei reclame pentru un anumit utilizator pe un website.<br>\u2022 furnizarea de publicitate care s\u0103 fie mai relevant\u0103 pentru un anumit utilizator.<br>\u2022 masurarea, optimizarea \u0219i caracteristicile de \u201canalytics\u201d \u2013 cum ar fi confirmarea unui anumit nivel de trafic pe un website, ce tip de con\u021binut este vizualizat \u0219i modul \u00een care un utilizator ajunge pe un website (prin intermediul motoarelor de cautare, direct, din leg\u0103turi de pe alte website-uri etc).<\/p>\n\n\n\n<p>Pentru a asigura o mai mare transparen\u021b\u0103 am selectat mai jos c\u00e2teva adrese web pentru ca dumneavoastr\u0103 s\u0103 pute\u021bi afla mai multe informa\u021bii cu privire la&nbsp; gestionarea cookie-urile de catre ter\u021bele par\u021bi:<\/p>\n\n\n\n<p><a href=\"http:\/\/ro-ro.facebook.com\/help\/cookies\/\" target=\"_blank\" rel=\"noreferrer noopener\">Facebook<\/a><\/p>\n\n\n\n<p><a href=\"http:\/\/www.google.com\/intl\/ro\/policies\/technologies\/cookies\/\" target=\"_blank\" rel=\"noreferrer noopener\">Google<\/a><\/p>\n\n\n\n<p><a href=\"http:\/\/www.google.com\/intl\/ro\/policies\/privacy\/partners\/\" target=\"_blank\" rel=\"noreferrer noopener\">Partenerii Google<\/a><\/p>\n\n\n\n<h3 class=\"wp-block-heading\">Securitate \u0219i probleme legate de confiden\u021bialitate<\/h3>\n\n\n\n<p>Cookie-urile NU sunt viru\u0219i, spyware ori malware! Ele folosesc formate tip \u201cplain text\u201d. Nu sunt alcatuite din buc\u0103\u021bi de cod ale limbajelor de programare, a\u0219a c\u0103 nu pot fi executate \u0219i nici nu se pot auto-executa, nu se pot duplica sau reproduce pe alte re\u021bele pentru a se rula sau reproduce din nou. Deoarece nu pot \u00eendeplini aceste func\u021bii, cookie-urile nu pot genera infectarea sistemului\/dispozitivului dumneavoastr\u0103.<\/p>\n\n\n\n<h3 class=\"wp-block-heading\">Cum pot opri cookie-urile?<\/h3>\n\n\n\n<p>Aten\u021bie! Dezactivarea \u0219i refuzul de a primi cookie-uri pot face ca anumite site-uri s\u0103 devin\u0103 imposibil sau dificil de vizitat \u0219i folosit! De asemenea, refuzul de a accepta cookie-uri nu \u00eenseamna ca nu veti mai primi sau vizualiza publicitate online.<\/p>\n\n\n\n<p>Toate browserele moderne ofer\u0103 posibilitatea de a schimba set\u0103rile cookie-urilor. Aceste set\u0103ri se g\u0103sesc de regul\u0103 \u00een sec\u021biunea \u201cop\u021biuni\u201d (options) sau \u00een meniul de \u201cpreferin\u021be\u201d (preferences) ale browserelor folosite. Folosi\u021bi op\u021biunea Help a fiecarui browser pentru a afla mai multe detalii.<\/p>\n\n\n\n<p>Cookie settings \u00een Internet Explorer: Tools-&gt;Internet Options-&gt;Privacy<br>Cookie settings \u00een Firefox: Tools-&gt;Options-&gt;Privacy-&gt;Cookies<br>Cookie settings \u00een Chrome: Tools-&gt;Advanced-&gt;Content settings-&gt;Cookies<br>Cookie settings \u00een Opera: Settings-&gt;Preferences-&gt;Advanced-&gt;Cookies<\/p>\n","protected":false},"excerpt":{"rendered":"<p>Politica cookie-urilor Ai ajuns pe aceast\u0103 pagin\u0103 deoarece se pare c\u0103 dore\u0219ti s\u0103 afli mai multe detalii cu privire la mesajul despre cookies pe care l-ai observat pe website-ul nostru, iar conform&nbsp;directivei UE 2009\/136\/EC \u2013 Articolul 5(3) suntem obliga\u021bi s\u0103 \u00eel afi\u0219am tuturor vizitatorilor. Politica cookie-urilor are scopul de a explica ce anume sunt acestea, [&hellip;]<\/p>\n","protected":false},"author":1,"featured_media":0,"parent":0,"menu_order":0,"comment_status":"closed","ping_status":"open","template":"","meta":{"footnotes":""},"class_list":["post-3","page","type-page","status-publish","hentry"],"_links":{"self":[{"href":"https:\/\/crama-garbova.ro\/index.php\/wp-json\/wp\/v2\/pages\/3","targetHints":{"allow":["GET"]}}],"collection":[{"href":"https:\/\/crama-garbova.ro\/index.php\/wp-json\/wp\/v2\/pages"}],"about":[{"href":"https:\/\/crama-garbova.ro\/index.php\/wp-json\/wp\/v2\/types\/page"}],"author":[{"embeddable":true,"href":"https:\/\/crama-garbova.ro\/index.php\/wp-json\/wp\/v2\/users\/1"}],"replies":[{"embeddable":true,"href":"https:\/\/crama-garbova.ro\/index.php\/wp-json\/wp\/v2\/comments?post=3"}],"version-history":[{"count":1,"href":"https:\/\/crama-garbova.ro\/index.php\/wp-json\/wp\/v2\/pages\/3\/revisions"}],"predecessor-version":[{"id":635,"href":"https:\/\/crama-garbova.ro\/index.php\/wp-json\/wp\/v2\/pages\/3\/revisions\/635"}],"wp:attachment":[{"href":"https:\/\/crama-garbova.ro\/index.php\/wp-json\/wp\/v2\/media?parent=3"}],"curies":[{"name":"wp","href":"https:\/\/api.w.org\/{rel}","templated":true}]}}