{"id":35,"date":"2021-02-26T10:05:40","date_gmt":"2021-02-26T10:05:40","guid":{"rendered":"http:\/\/crama-garbova.martweb.ro\/?page_id=35"},"modified":"2021-03-23T18:33:46","modified_gmt":"2021-03-23T18:33:46","slug":"contact","status":"publish","type":"page","link":"https:\/\/crama-garbova.ro\/index.php\/contact\/","title":{"rendered":"CONTACT"},"content":{"rendered":"<div id=\"pl-35\"  class=\"panel-layout\" ><div id=\"pg-35-0\"  class=\"panel-grid panel-has-style\" ><div class=\"siteorigin-panels-stretch panel-row-style panel-row-style-for-35-0\" style=\"padding: 25px 0; \" data-stretch-type=\"full-stretched\" data-hasbg=\"hasbg\" data-siteorigin-parallax=\"{&quot;backgroundUrl&quot;:&quot;https:\\\/\\\/crama-garbova.ro\\\/wp-content\\\/uploads\\\/2021\\\/03\\\/cork-1682464_1920.jpg&quot;,&quot;backgroundSize&quot;:[1920,1440],&quot;backgroundSizing&quot;:&quot;scaled&quot;,&quot;limitMotion&quot;:&quot;auto&quot;}\" data-overlay=\"true\" data-overlay-color=\"#ffffff\" ><div id=\"pgc-35-0-0\"  class=\"panel-grid-cell\" ><div id=\"panel-35-0-0-0\" class=\"so-panel widget widget_siteorigin-panels-builder panel-first-child panel-last-child\" data-index=\"0\" ><div style=\"text-align: left;\" data-title-color=\"#47425d\" data-headings-color=\"#443f3f\" data-title_alignment=\"center\" class=\"panel-widget-style panel-widget-style-for-35-0-0-0\" ><div id=\"pl-w605a348aba692\"  class=\"panel-layout\" ><div id=\"pg-w605a348aba692-0\"  class=\"panel-grid panel-has-style\" ><div style=\"padding: 30px 0; \" data-overlay=\"true\" data-overlay-color=\"#000000\" class=\"panel-row-style panel-row-style-for-w605a348aba692-0\" ><div id=\"pgc-w605a348aba692-0-0\"  class=\"panel-grid-cell\" ><div id=\"panel-w605a348aba692-0-0-0\" class=\"so-panel widget widget_text panel-first-child panel-last-child\" data-index=\"0\" ><div style=\"text-align: center;\" data-title-color=\"#47425d\" data-headings-color=\"#443f3f\" data-title_alignment=\"center\" class=\"panel-widget-style panel-widget-style-for-w605a348aba692-0-0-0\" >\t\t\t<div class=\"textwidget\"><h3 style=\"font-family: 'Great Vibes', cursive; font-size: 50px;\">Date de Contact<\/h3>\n<\/div>\n\t\t<\/div><\/div><\/div><\/div><\/div><div id=\"pg-w605a348aba692-1\"  class=\"panel-grid panel-has-style\" ><div style=\"padding: 25px 0; \" data-overlay=\"true\" data-overlay-color=\"#000000\" class=\"panel-row-style panel-row-style-for-w605a348aba692-1\" ><div id=\"pgc-w605a348aba692-1-0\"  class=\"panel-grid-cell\" ><div id=\"panel-w605a348aba692-1-0-0\" class=\"so-panel widget widget_sydney_fp_contact_info sydney_contact_widget panel-first-child\" data-index=\"1\" ><div style=\"text-align: left;\" data-title-color=\"#47425d\" data-headings-color=\"#443f3f\" data-title_alignment=\"center\" class=\"panel-widget-style panel-widget-style-for-w605a348aba692-1-0-0\" ><h3 class=\"widget-title\">Informatii Contact<\/h3><div class=\"fp-contact-wrapper\"><div class=\"fp-contact\"><span><i class=\"fa fa-home\"><\/i><\/span><span>Str. M. Eminescu, nr. 33, Garbova, Jud. Alba<\/span><\/div><div class=\"fp-contact\"><span><i class=\"fa fa-phone\"><\/i><\/span><span><a href=\"tel:(+4) 0745 399 026\">(+4) 0745 399 026<\/a><\/span><\/div><div class=\"fp-contact\"><span><i class=\"fa fa-envelope\"><\/i><\/span><span><a href=\"mailto:&#111;f&#102;i&#99;&#101;&#64;&#99;&#114;a&#109;&#97;&#45;g&#97;&#114;bov&#97;.&#114;&#111;\">&#111;ffi&#99;e&#64;&#99;r&#97;&#109;a&#45;&#103;&#97;&#114;&#98;&#111;va.&#114;&#111;<\/a><\/span><\/div><\/div><\/div><\/div><div id=\"panel-w605a348aba692-1-0-1\" class=\"so-panel widget widget_media_image panel-last-child\" data-index=\"2\" ><div style=\"text-align: center;\" data-title-color=\"#47425d\" data-headings-color=\"#443f3f\" data-title_alignment=\"center\" class=\"panel-widget-style panel-widget-style-for-w605a348aba692-1-0-1\" ><img loading=\"lazy\" decoding=\"async\" width=\"300\" height=\"284\" src=\"https:\/\/crama-garbova.ro\/wp-content\/uploads\/2021\/02\/logo-crama1-300x284.png\" class=\"image wp-image-8  attachment-medium size-medium\" alt=\"\" style=\"max-width: 100%; height: auto;\" srcset=\"https:\/\/crama-garbova.ro\/wp-content\/uploads\/2021\/02\/logo-crama1-300x284.png 300w, https:\/\/crama-garbova.ro\/wp-content\/uploads\/2021\/02\/logo-crama1-600x568.png 600w, https:\/\/crama-garbova.ro\/wp-content\/uploads\/2021\/02\/logo-crama1-1024x969.png 1024w, https:\/\/crama-garbova.ro\/wp-content\/uploads\/2021\/02\/logo-crama1-768x727.png 768w, https:\/\/crama-garbova.ro\/wp-content\/uploads\/2021\/02\/logo-crama1-830x786.png 830w, https:\/\/crama-garbova.ro\/wp-content\/uploads\/2021\/02\/logo-crama1-230x218.png 230w, https:\/\/crama-garbova.ro\/wp-content\/uploads\/2021\/02\/logo-crama1-350x331.png 350w, https:\/\/crama-garbova.ro\/wp-content\/uploads\/2021\/02\/logo-crama1-480x454.png 480w, https:\/\/crama-garbova.ro\/wp-content\/uploads\/2021\/02\/logo-crama1.png 1180w\" sizes=\"auto, (max-width: 300px) 100vw, 300px\" \/><\/div><\/div><\/div><div id=\"pgc-w605a348aba692-1-1\"  class=\"panel-grid-cell\" ><div id=\"panel-w605a348aba692-1-1-0\" class=\"so-panel widget widget_sow-contact-form panel-first-child panel-last-child\" data-index=\"3\" ><div style=\"text-align: left;\" data-title-color=\"#0a0a0a\" data-headings-color=\"#ffffff\" data-title_alignment=\"center\" class=\"panel-widget-style panel-widget-style-for-w605a348aba692-1-1-0\" ><div\n\t\t\t\n\t\t\tclass=\"so-widget-sow-contact-form so-widget-sow-contact-form-default-02b93b1a6d41\"\n\t\t\t\n\t\t><h3 class=\"widget-title\">Contacteaz\u0103-ne<\/h3>\t<form\n\t\taction=\"\/index.php\/wp-json\/wp\/v2\/pages\/35\"\n\t\tmethod=\"POST\"\n\t\tclass=\"sow-contact-form\"\n\t\tid=\"contact-form-937a\"\n\t>\n\n\t\t\n\t\t\t\t\t<div class=\"sow-form-field sow-form-field-name\">\n\t\t\t\t<label class=\"sow-form-field-label-above\" for=\"sow-contact-form-field-numele-tau-1\">\n\t\t\t\t<strong>\n\t\t\t\t\tNumele t\u0103u\t\t\t\t\t\t\t\t\t<\/strong>\n\t\t\t<\/label>\n\t\t\t\t\t\t\t<div class=\"sow-field-container\">\n\t\t\t\t\t\t\t<input\n\t\t\ttype=\"text\"\n\t\t\tname=\"numele-tau-1\"\n\t\t\tid=\"sow-contact-form-field-numele-tau-1\"\n\t\t\tvalue=\"\"\n\t\t\tclass=\"sow-text-field\"\n\t\t\t\t\t\t\t\t\/>\n\t\t\t\t\t\t<\/div>\n\t\t\t\t\t\t\t<\/div>\n\t\t\t\t\t\t<div class=\"sow-form-field sow-form-field-email\">\n\t\t\t\t<label class=\"sow-form-field-label-above\" for=\"sow-contact-form-field-adresa-de-email-1\">\n\t\t\t\t<strong>\n\t\t\t\t\tAdresa de email\t\t\t\t\t\t\t\t\t<\/strong>\n\t\t\t<\/label>\n\t\t\t\t\t\t\t<div class=\"sow-field-container\">\n\t\t\t\t\t\t\t<input\n\t\t\ttype=\"email\"\n\t\t\tname=\"adresa-de-email-1\"\n\t\t\tid=\"sow-contact-form-field-adresa-de-email-1\"\n\t\t\tvalue=\"\"\n\t\t\tclass=\"sow-text-field\"\t\t\t\t\t\t\t\t\/>\n\t\t\t\t\t\t<\/div>\n\t\t\t\t\t\t\t<\/div>\n\t\t\t\t\t\t<div class=\"sow-form-field sow-form-field-subject\">\n\t\t\t\t<label class=\"sow-form-field-label-above\" for=\"sow-contact-form-field-subiect-1\">\n\t\t\t\t<strong>\n\t\t\t\t\tSubiect\t\t\t\t\t\t\t\t\t<\/strong>\n\t\t\t<\/label>\n\t\t\t\t\t\t\t<div class=\"sow-field-container\">\n\t\t\t\t\t\t\t<input\n\t\t\ttype=\"text\"\n\t\t\tname=\"subiect-1\"\n\t\t\tid=\"sow-contact-form-field-subiect-1\"\n\t\t\tvalue=\"\"\n\t\t\tclass=\"sow-text-field\"\n\t\t\t\t\t\t\t\t\/>\n\t\t\t\t\t\t<\/div>\n\t\t\t\t\t\t\t<\/div>\n\t\t\t\t\t\t<div class=\"sow-form-field sow-form-field-textarea\">\n\t\t\t\t<label class=\"sow-form-field-label-above\" for=\"sow-contact-form-field-mesaj-1\">\n\t\t\t\t<strong>\n\t\t\t\t\tMesaj\t\t\t\t\t\t\t\t\t<\/strong>\n\t\t\t<\/label>\n\t\t\t\t\t\t\t<div class=\"sow-field-container\">\n\t\t\t\t\t\t\t<textarea\n\t\t\tname=\"mesaj-1\"\n\t\t\tid=\"sow-contact-form-field-mesaj-1\"\n\t\t\trows=\"10\"\n\t\t\t\t\t\t\t\t><\/textarea>\n\t\t\t\t\t\t<\/div>\n\t\t\t\t\t\t\t<\/div>\n\t\t\t\n\t\t\n\t\t<div class=\"sow-submit-wrapper \n\t\tsow-submit-styled\t\t\">\n\n\t\t\t<button\n\t\t\t\ttype=\"submit\"\n\t\t\t\tclass=\"sow-submit\n\t\t\t\t\t\t\t\t\"\n\t\t\t\t\t\t\t>\n\t\t\t\tContacteaz\u0103-ne\t\t\t<\/button>\n\t\t<\/div>\n\t\t\t\t<input\n\t\t\ttype=\"hidden\"\n\t\t\tname=\"instance_hash-1\"\n\t\t\tvalue=\"937a72fa\"\n\t\t\/>\n\n\t\t<input type=\"hidden\" id=\"_wpnonce\" name=\"_wpnonce\" value=\"c74a4cdccb\" \/><input type=\"hidden\" name=\"_wp_http_referer\" value=\"\/index.php\/wp-json\/wp\/v2\/pages\/35\" \/>\t<\/form>\n\t<\/div><\/div><\/div><\/div><\/div><\/div><\/div><\/div><\/div><\/div><\/div><\/div><div id=\"pg-35-1\"  class=\"panel-grid panel-has-style\" ><div class=\"siteorigin-panels-stretch panel-row-style panel-row-style-for-35-1\" style=\"padding: 0px 0; \" data-stretch-type=\"full-stretched\" data-overlay=\"true\" data-overlay-color=\"#000000\" ><div id=\"pgc-35-1-0\"  class=\"panel-grid-cell\" ><div id=\"panel-35-1-0-0\" class=\"widget_text so-panel widget widget_custom_html panel-first-child panel-last-child\" data-index=\"1\" ><div style=\"text-align: left;\" data-title-color=\"#47425d\" data-headings-color=\"#443f3f\" data-title_alignment=\"center\" class=\"widget_text panel-widget-style panel-widget-style-for-35-1-0-0\" ><div class=\"textwidget custom-html-widget\"><iframe src=\"https:\/\/www.google.com\/maps\/embed?pb=!1m18!1m12!1m3!1d11114.215514607533!2d23.712449739506766!3d45.86022716408019!2m3!1f0!2f0!3f0!3m2!1i1024!2i768!4f13.1!3m3!1m2!1s0x474c3d73750786c3%3A0xf45ba66ede28e00e!2sG%C3%A2rbova%20517305!5e0!3m2!1sro!2sro!4v1616150531263!5m2!1sro!2sro\" width=\"100%\" height=\"450\" style=\"border:0;\" allowfullscreen=\"\" loading=\"lazy\"><\/iframe><\/div><\/div><\/div><\/div><\/div><\/div><\/div>","protected":false},"excerpt":{"rendered":"<p>Date de Contact Informatii ContactStr. M. Eminescu, nr. 33, Garbova, Jud. Alba(+4) 0745 399 026off&#105;c&#101;&#64;c&#114;am&#97;-gar&#98;&#111;v&#97;&#46;&#114;oContacteaz\u0103-ne Numele t\u0103u Adresa de email Subiect Mesaj Contacteaz\u0103-ne<\/p>\n","protected":false},"author":1,"featured_media":0,"parent":0,"menu_order":0,"comment_status":"closed","ping_status":"closed","template":"page-templates\/page_front-page.php","meta":{"footnotes":""},"class_list":["post-35","page","type-page","status-publish","hentry"],"_links":{"self":[{"href":"https:\/\/crama-garbova.ro\/index.php\/wp-json\/wp\/v2\/pages\/35","targetHints":{"allow":["GET"]}}],"collection":[{"href":"https:\/\/crama-garbova.ro\/index.php\/wp-json\/wp\/v2\/pages"}],"about":[{"href":"https:\/\/crama-garbova.ro\/index.php\/wp-json\/wp\/v2\/types\/page"}],"author":[{"embeddable":true,"href":"https:\/\/crama-garbova.ro\/index.php\/wp-json\/wp\/v2\/users\/1"}],"replies":[{"embeddable":true,"href":"https:\/\/crama-garbova.ro\/index.php\/wp-json\/wp\/v2\/comments?post=35"}],"version-history":[{"count":35,"href":"https:\/\/crama-garbova.ro\/index.php\/wp-json\/wp\/v2\/pages\/35\/revisions"}],"predecessor-version":[{"id":651,"href":"https:\/\/crama-garbova.ro\/index.php\/wp-json\/wp\/v2\/pages\/35\/revisions\/651"}],"wp:attachment":[{"href":"https:\/\/crama-garbova.ro\/index.php\/wp-json\/wp\/v2\/media?parent=35"}],"curies":[{"name":"wp","href":"https:\/\/api.w.org\/{rel}","templated":true}]}}